{"id":2,"date":"2011-02-04T10:01:46","date_gmt":"2011-02-04T10:01:46","guid":{"rendered":"http:\/\/www.ingrid-hoefle-maltherapie.at\/?page_id=2"},"modified":"2016-11-29T19:37:48","modified_gmt":"2016-11-29T18:37:48","slug":"eine-seite","status":"publish","type":"page","link":"http:\/\/www.ingrid-hoefle-maltherapie.at\/?page_id=2","title":{"rendered":"Ich \u00fcber mich"},"content":{"rendered":"<p><a href=\"http:\/\/www.ingrid-hoefle-maltherapie.at\/wp-content\/uploads\/2011\/02\/048_Ingrid_Hoefle42.jpg\"><\/a><\/p>\n<p><a href=\"http:\/\/www.ingrid-hoefle-maltherapie.at\/wp-content\/uploads\/2011\/02\/011_Ingrid_Hoefleweeb.jpg\"><img loading=\"lazy\" class=\"alignnone size-thumbnail wp-image-168\" title=\"Ich\" src=\"http:\/\/www.ingrid-hoefle-maltherapie.at\/wp-content\/uploads\/2011\/02\/011_Ingrid_Hoefleweeb-150x150.jpg\" alt=\"\" width=\"150\" height=\"150\" \/><\/a><\/p>\n<p>Mal- und Gestaltungstherapeutin MGT Wien Erwin Bakowsky (<a href=\"http:\/\/www.mgt.or.at\/\">www.mgt.or.at<\/a>) \u2013 Kunsttherapeutin \u2013 Kreativtrainerin \u2013 systemisch-kunsttherapeutische Supervisorin \u2013 Lehrerin<\/p>\n<p>Lehr-Therapeutin und Lehr-Supervisorin MGT Wien (Berechtigt nach \u00a7 4 Abs. 4 BGBL 140\/2003) &#8211; \u00a0Gruppenleiterin im Seminarinstitut Mal- und Gestaltungstherapie Wien &#8211; Lebens-und Sozialberaterin &#8211;\u00a0Mitglied des Fachverbandes der Maltherapeut\/innen (<a href=\"http:\/\/www.f-mgt.at\/\">www.f-mgt.at<\/a>) &#8211;\u00a0Autorin der Fachzeitschrift des Fachverbandes der Mal- und Gestaltungstherapeut\/innen *gestaltungsprozesse.<\/p>\n<p>Lehrerin und MGT-Kreativtrainerin mit Jugendlichen in einer Handelsschule und Handelsakademie<\/p>\n<p>Meine T\u00e4tigkeit im Praxisraum Schlossgasse 21:<\/p>\n<p>&#8211; Einzelselbsterfahrung- Gruppenselbsterfahrung- Projektsupervision\u00a0 f\u00fcr Absolvent\/innen der Fortbildung Mal- und Gestaltungstherapie &#8211; Einzelsupervision\u00a0&#8211; Gruppensupervision &#8211; Kreativworkshops<\/p>\n<p>In der Einzel- und Gruppen-Selbsterfahrung verstehe ich mich als Begleiterin auf der Entdeckungsreise zum eigenen kreativen Potential und zu einem erf\u00fcllten, authentischen Leben in Gemeinschaft mit anderen Menschen.<\/p>\n<p>Die Mal- und Gestaltungstherapie bietet eine wunderbare M\u00f6glichkeit, kreative und sch\u00f6pferische Kr\u00e4fte von Menschen in die Beratung einzubeziehen. \u00dcber die Gestaltungen erhalten wir Zugang zu inneren Bildern, die auf unmittelbare Weise Einblick in unser seelisches Erleben geben und einen Weg aufzeigen, uns weiterzuentwickeln, uns aus blockierenden Mustern zu ent-wickeln.<\/p>\n<p>An meiner Arbeit als Mal- und Gestaltungstherapeutin und Kreativtrainerin liebe ich die Buntheit der Farben, des Materials, die Buntheit der Menschen, das Experimentieren, das gemeinsame Lachen und Weinen. Eigenes kreatives Tun ist freudvoll und lustvoll und unterst\u00fctzt so unser positives Selbst-Bild und unseren Individuationsprozess (nach C.G.Jung: \u201eder (die) zu werden, der man (frau) ist\u201c.<\/p>\n<p>Mein gro\u00dfes Vorbild ist die K\u00fcnstlerin und Architektin Friedl Dicker-Brandeis, die im Zweiten Weltkrieg im Ghetto Theresienstadt mit den dort gefangenen Kindern gearbeitet hat. Die Auseinandersetzung mit dieser tollen Frau hat mich wesentlich gepr\u00e4gt und mich zu der Entscheidung gef\u00fchrt, Kunsttherapeutin zu werden. Gerne beziehe ich auch die alten mythologischen Erz\u00e4hlungen aus unterschiedlichen Kulturen als Spiegel unserer Seele in meine Arbeit ein.<\/p>\n<p>Ein weiterer Schwerpunkt ist die Selbsterfahrung mit dem Medium Fotografie.<\/p>\n<p>In der Lehr-Supervision unterst\u00fctze ich gerne mit meiner langj\u00e4hrigen Erfahrung und meinem fachlichen Wissen.<\/p>\n<p>VITA<\/p>\n<p>Geboren\u00a0 am 7. November 1956 in Vorarlberg<\/p>\n<p>Studium (Germanistik, Romanistik)\u00a0 an den Universit\u00e4ten Innsbruck und Wien<\/p>\n<p>1983 Beginn als Lehrerin an den Schulen des bfi (Handelsakademie und Handelsschule), F\u00e4cher: Deutsch, Franz\u00f6sisch und PBSK (Pers\u00f6nlichkeitsbildung und soziale Kompetenz), Erwachsenenbildung<\/p>\n<p>Daneben begann ich autodidaktisch zu malen und zu plastizieren und entdeckte die Freude am Tun, an den Farben, an den unterschiedlichen Techniken und an den k\u00fcnstlerischen Vorbildern.<\/p>\n<p>Einige Jahre freischaffende T\u00e4tigkeit (Malerei, Seidenmalerei) im eigenen Atelier in der Lange Gasse Wien gemeinsam mit anderen K\u00fcnstler\/innen, laufend Ausstellungen unserer Arbeiten.<\/p>\n<p>Seit 1995 besch\u00e4ftige ich mich intensiv mit Mal- und Gestaltungstherapie und Kunsttherapie.<\/p>\n<p>Ausbildung zur Mal- und Gestaltungstherapeutin MGT Wien &#8211; Ausbildung zur Gruppenleiterin und MGT-Lehrtherapeutin MGT Wien &#8211; Ausbildung zur systemisch-kunsttherapeutischen Supervisorin &#8211; Lehrgang \u201eLebens- und Sozialberatung\u201c MGT Wien \u2013 Autorin der Fachzeitschrift des FMGT *gestaltungsprozesse zum Thema \u201eG\u00f6ttinnen in jeder Frau\u201c.<\/p>\n<p>Weitere Fortbildungen in den Bereichen Gruppendynamik, Gruppenp\u00e4dagogik, Kommunikation, Gespr\u00e4chsf\u00fchrung und Konfliktregelung, Gruppenp\u00e4dagogische Moderationstechniken, NLP, Coaching, kunsttherapeutische Fortbildungen, Fortbildungen in der Methodik der Mal- und Gestaltungstherapie.<\/p>\n<p>Seit 2004 arbeite ich aktiv als Mal- und Gestaltungstherapeutin, aktuell in der Praxis Schlossgasse 21, im MGT-Seminarinstitut und in meinem Grundberuf in der Schule, wo ich auch mehr und mehr Kreativit\u00e4t in meine Arbeit einflie\u00dfen lasse.<\/p>\n<p>Ich bin auch Frau, Mutter eines Sohnes, Freundin, Tochter\u2026<\/p>\n","protected":false},"excerpt":{"rendered":"<p>Mal- und Gestaltungstherapeutin MGT Wien Erwin Bakowsky (www.mgt.or.at) \u2013 Kunsttherapeutin \u2013 Kreativtrainerin \u2013 systemisch-kunsttherapeutische Supervisorin \u2013 Lehrerin Lehr-Therapeutin und Lehr-Supervisorin MGT Wien (Berechtigt nach \u00a7 4 Abs. 4 BGBL 140\/2003) &#8211; \u00a0Gruppenleiterin im Seminarinstitut Mal- und Gestaltungstherapie Wien &#8211; Lebens-und &hellip; <a href=\"http:\/\/www.ingrid-hoefle-maltherapie.at\/?page_id=2\">Weiterlesen <span class=\"meta-nav\">&rarr;<\/span><\/a><\/p>\n","protected":false},"author":3,"featured_media":0,"parent":0,"menu_order":0,"comment_status":"closed","ping_status":"open","template":"","meta":[],"_links":{"self":[{"href":"http:\/\/www.ingrid-hoefle-maltherapie.at\/index.php?rest_route=\/wp\/v2\/pages\/2"}],"collection":[{"href":"http:\/\/www.ingrid-hoefle-maltherapie.at\/index.php?rest_route=\/wp\/v2\/pages"}],"about":[{"href":"http:\/\/www.ingrid-hoefle-maltherapie.at\/index.php?rest_route=\/wp\/v2\/types\/page"}],"author":[{"embeddable":true,"href":"http:\/\/www.ingrid-hoefle-maltherapie.at\/index.php?rest_route=\/wp\/v2\/users\/3"}],"replies":[{"embeddable":true,"href":"http:\/\/www.ingrid-hoefle-maltherapie.at\/index.php?rest_route=%2Fwp%2Fv2%2Fcomments&post=2"}],"version-history":[{"count":10,"href":"http:\/\/www.ingrid-hoefle-maltherapie.at\/index.php?rest_route=\/wp\/v2\/pages\/2\/revisions"}],"predecessor-version":[{"id":11,"href":"http:\/\/www.ingrid-hoefle-maltherapie.at\/index.php?rest_route=\/wp\/v2\/pages\/2\/revisions\/11"}],"wp:attachment":[{"href":"http:\/\/www.ingrid-hoefle-maltherapie.at\/index.php?rest_route=%2Fwp%2Fv2%2Fmedia&parent=2"}],"curies":[{"name":"wp","href":"https:\/\/api.w.org\/{rel}","templated":true}]}}